{"id":172,"date":"2023-05-02T22:06:08","date_gmt":"2023-05-02T20:06:08","guid":{"rendered":"https:\/\/kgv-finkenweg.de\/WPneu\/?page_id=172"},"modified":"2025-11-15T13:54:37","modified_gmt":"2025-11-15T12:54:37","slug":"freie-gaerten","status":"publish","type":"page","link":"https:\/\/kgv-finkenweg.de\/?page_id=172","title":{"rendered":"Freie G\u00e4rten"},"content":{"rendered":"\t\t<div data-elementor-type=\"wp-page\" data-elementor-id=\"172\" class=\"elementor elementor-172\">\n\t\t\t\t\t\t<section class=\"elementor-section elementor-top-section elementor-element elementor-element-31b377a elementor-section-boxed elementor-section-height-default elementor-section-height-default\" data-id=\"31b377a\" data-element_type=\"section\" data-e-type=\"section\">\n\t\t\t\t\t\t<div class=\"elementor-container elementor-column-gap-default\">\n\t\t\t\t\t<div class=\"elementor-column elementor-col-100 elementor-top-column elementor-element elementor-element-0585d60\" data-id=\"0585d60\" data-element_type=\"column\" data-e-type=\"column\">\n\t\t\t<div class=\"elementor-widget-wrap elementor-element-populated\">\n\t\t\t\t\t\t<div class=\"elementor-element elementor-element-7669ab3 elementor-widget elementor-widget-text-editor\" data-id=\"7669ab3\" data-element_type=\"widget\" data-e-type=\"widget\" data-widget_type=\"text-editor.default\">\n\t\t\t\t<div class=\"elementor-widget-container\">\n\t\t\t\t\t\t\t\t\t<p><span style=\"color: #008000;\"><strong>Anzahl der P\u00e4chter die aktuell bzw. in K\u00fcrze einen Nachfolger f\u00fcr Ihre Parzelle suchen:\u00a0 \u00a0 1<\/strong><\/span><\/p>\t\t\t\t\t\t\t\t<\/div>\n\t\t\t\t<\/div>\n\t\t\t\t\t<\/div>\n\t\t<\/div>\n\t\t\t\t\t<\/div>\n\t\t<\/section>\n\t\t\t\t<section class=\"elementor-section elementor-top-section elementor-element elementor-element-2655f81 elementor-section-boxed elementor-section-height-default elementor-section-height-default\" data-id=\"2655f81\" data-element_type=\"section\" data-e-type=\"section\">\n\t\t\t\t\t\t<div class=\"elementor-container elementor-column-gap-default\">\n\t\t\t\t\t<div class=\"elementor-column elementor-col-100 elementor-top-column elementor-element elementor-element-99bbd2b\" data-id=\"99bbd2b\" data-element_type=\"column\" data-e-type=\"column\">\n\t\t\t<div class=\"elementor-widget-wrap elementor-element-populated\">\n\t\t\t\t\t\t<div class=\"elementor-element elementor-element-f4adfde elementor-widget elementor-widget-text-editor\" data-id=\"f4adfde\" data-element_type=\"widget\" data-e-type=\"widget\" data-widget_type=\"text-editor.default\">\n\t\t\t\t<div class=\"elementor-widget-container\">\n\t\t\t\t\t\t\t\t\t<p>Sie suchen einen reinen Erholungsgarten? Sie m\u00f6chten nur Blumen und Rasen in ihrem Garten? Sie m\u00f6chten sich hinter hohen Hecken oder Sichtschutzw\u00e4nden verstecken? Sie m\u00f6chten nichts mit anderen Vereinsmitgliedern zu tun haben? Sie m\u00f6chten gern dauerhaft in Ihrem Garten wohnen? Sie m\u00f6chten den Garten vor allem f\u00fcr Feiern nutzen? Sie m\u00f6chten in ihrem Garten einen reinen Spielplatz f\u00fcr Ihre Kinder errichten? Sie verzichten gern auf die Teilnahme an Vereinsaktivit\u00e4ten?<\/p>\n<p><strong>Dann suchen Sie sich bitte eine Pachtfl\u00e4che in einer Wochenendsiedlung oder einen Stellplatz auf einem Dauercampingplatz!<\/strong><\/p>\n<p><strong>Aber wenn Sie<\/strong><\/p>\n<ul>\n<li>Interesse an kleing\u00e4rtnerischer T\u00e4tigkeit haben,<\/li>\n<li>sich gern aktiv in unsere Vereinsarbeit einbringen m\u00f6chten,<\/li>\n<li>einen Garten suchen, in dem sie dies und noch viel mehr (vielleicht auch Ihre Tr\u00e4ume) verwirklichen k\u00f6nnen,<\/li>\n<li>sehen m\u00f6chten, wie sich die das Gem\u00fcse auf ihren angelegten Beeten entwickelt,<\/li>\n<li>sehen m\u00f6chten, wie sich ihre Obststr\u00e4ucher und Obstb\u00e4ume entwickeln,<\/li>\n<li>Ihr Erntegl\u00fcck ggf. mit Ihren Nachbarn tauschen wollen,<\/li>\n<li>sich an den Insekten in ihren Blumenrabatten UND Gem\u00fcsebeeten erfreuen wollen, \u2026<\/li>\n<\/ul>\n<h3><strong>DANN SIND SIE BEI UNS ALS P\u00c4CHTER HERZLICH WILLKOMMEN!<\/strong><\/h3>\n<p><strong style=\"color: #008000; font-family: var( --e-global-typography-text-font-family ), Sans-serif;\">Von Zeit zu Zeit geben alle P\u00e4chter irgendwann aus unterschiedlichen Gr\u00fcnden ihre Parzelle auf und suchen daf\u00fcr Nachfolger mit nem Gr\u00fcnen Daumen.&nbsp;<br><\/strong>Geben Sie uns Ihr Interesse mit folgenden Angaben kund:<\/p>\n<ul>\n<li><em><strong>Name, Anschrift, Telefon, E-Mail<\/strong><\/em><\/li>\n<li><em><strong>Vorstellung \u00fcber die Art der Laube (Holz oder Stein)<\/strong><\/em><\/li>\n<li><em><strong>Eventueller Kaufpreis<\/strong><\/em><\/li>\n<\/ul>\n<p>Kontakt per email an: <em><strong>vorstand (\u00e4t) kgv-finkenweg.de.<\/strong><\/em><\/p>\n<p>Wir informieren Sie dann \u00fcber die Parzellen, die zur \u00dcbergabe anstehen. Sollte ihnen eine Parzelle zusagen, stellen wir den Kontakt zu den jeweiligen P\u00e4chtern her. Zum leichteren Finden der jeweiligen Parzelle k\u00f6nnen Sie unten den Lageplan nutzen.<br><br>Bitte beachten sie auch, dass es durch die komplette Erneuerung der Gie\u00dfwasserversorgung im gesamten Verein notwendig ist, Mitglied in der Wassergesellschaft zu werden und daf\u00fcr im Jahr 2024 noch eine separate Aufnahmegeb\u00fchr von 462,95 \u20ac zahlen m\u00fcssen.&nbsp;<\/p>\n<p>Da wir nicht nur innerhalb des Vorstands Wert auf gr\u00f6\u00dftm\u00f6gliche Transparenz legen, sondern auch den P\u00e4chtern, Mitgliedern und Interessenten gegen\u00fcber, haben wir hier alle wichtigen Dokumente f\u00fcr Sie bereitgestellt. All diese Dokumente sind mittlerweile f\u00fcr die Verpachtung einer Parzelle in einem Kleingarten notwendig. Wir haben uns das nicht ausgedacht\u2026<\/p>\n<p><strong><span style=\"color: #ff0000;\">Roter Text:<\/span><\/strong> Das sind alles Dokumente die ausgef\u00fcllt\/abgeschlossen werden m\u00fcssen. Keine Angst, wenn der Vorstand Ihrem Antrag auf Mitgliedschaft in unserem Verein zustimmt und Sie sich mit einem angebenden P\u00e4chter einig sind, <strong>werden wir die Formulare ausf\u00fcllen<\/strong>, mit den Daten die wir von Ihnen bekommen haben und zum Termin vorliegen haben.<br><strong><span style=\"color: #0000ff;\">Blauer Text:<\/span><\/strong> Das sind alles Dokumente die Sie begleitend bekommen und die Bestandteil der Mitgliedschaft\/des Pachtvertrages sind.&nbsp;<\/p>\t\t\t\t\t\t\t\t<\/div>\n\t\t\t\t<\/div>\n\t\t\t\t\t<\/div>\n\t\t<\/div>\n\t\t\t\t\t<\/div>\n\t\t<\/section>\n\t\t\t\t<section class=\"elementor-section elementor-top-section elementor-element elementor-element-8dfcd35 elementor-section-boxed elementor-section-height-default elementor-section-height-default\" data-id=\"8dfcd35\" data-element_type=\"section\" data-e-type=\"section\">\n\t\t\t\t\t\t<div class=\"elementor-container elementor-column-gap-default\">\n\t\t\t\t\t<div class=\"elementor-column elementor-col-100 elementor-top-column elementor-element elementor-element-81d14c9\" data-id=\"81d14c9\" data-element_type=\"column\" data-e-type=\"column\">\n\t\t\t<div class=\"elementor-widget-wrap elementor-element-populated\">\n\t\t\t\t\t\t<div class=\"elementor-element elementor-element-d3bad5b elementor-widget elementor-widget-text-editor\" data-id=\"d3bad5b\" data-element_type=\"widget\" data-e-type=\"widget\" data-widget_type=\"text-editor.default\">\n\t\t\t\t<div class=\"elementor-widget-container\">\n\t\t\t\t\t\t\t\t\t<p><span style=\"color: #0000ff;\"><b><a href=\"https:\/\/kgv-finkenweg.de\/wp-content\/uploads\/2025\/05\/01-1-Antrag-Mitgliedschaft-.pdf\" target=\"_blank\" rel=\"noopener\"><span style=\"color: #ff0000;\">Mitgliedsantrag<\/span><\/a><br \/><a href=\"https:\/\/kgv-finkenweg.de\/wp-content\/uploads\/2024\/05\/01-4-Unterpachtvertrag-2024.pdf\" target=\"_blank\" rel=\"noopener\"><span style=\"color: #ff0000;\">Pachtvertrag<\/span><\/a><br \/><a href=\"https:\/\/kgv-finkenweg.de\/wp-content\/uploads\/2025\/03\/01-2-Vereinbarung-Sicherheitsleistung.pdf\" target=\"_blank\" rel=\"noopener\"><span style=\"color: #ff0000;\">Vertrag \u00fcber Erbringung einer Sicherheitsleistung<\/span><\/a><br \/><a href=\"https:\/\/kgv-finkenweg.de\/wp-content\/uploads\/2023\/10\/01-3-Datenschutz.pdf\" target=\"_blank\" rel=\"noopener\"><span style=\"color: #ff0000;\">Datenschutzformulare f\u00fcr Mitgliedschaft und Pachtvertrag<\/span><\/a><br \/><a href=\"https:\/\/kgv-finkenweg.de\/wp-content\/uploads\/2023\/10\/01-5-Kaufvertrag-2022.pdf\" target=\"_blank\" rel=\"noopener\"><span style=\"color: #ff0000;\">Kaufvertrag<\/span><\/a><br \/><a href=\"http:\/\/kgv-finkenweg.de\/wp-content\/uploads\/2023\/05\/10-1-beitrittserklaerung_kv-1.pdf\" target=\"_blank\" rel=\"noopener\"><span style=\"color: #ff0000;\">Beitrittserkl\u00e4rung zur Gruppenversicherung<\/span><\/a><\/b><\/span><\/p>\t\t\t\t\t\t\t\t<\/div>\n\t\t\t\t<\/div>\n\t\t\t\t\t<\/div>\n\t\t<\/div>\n\t\t\t\t\t<\/div>\n\t\t<\/section>\n\t\t\t\t<section class=\"elementor-section elementor-top-section elementor-element elementor-element-31035bb elementor-section-boxed elementor-section-height-default elementor-section-height-default\" data-id=\"31035bb\" data-element_type=\"section\" data-e-type=\"section\">\n\t\t\t\t\t\t<div class=\"elementor-container elementor-column-gap-default\">\n\t\t\t\t\t<div class=\"elementor-column elementor-col-100 elementor-top-column elementor-element elementor-element-dc4ae9a\" data-id=\"dc4ae9a\" data-element_type=\"column\" data-e-type=\"column\">\n\t\t\t<div class=\"elementor-widget-wrap elementor-element-populated\">\n\t\t\t\t\t\t<div class=\"elementor-element elementor-element-78d1cc6 elementor-widget elementor-widget-text-editor\" data-id=\"78d1cc6\" data-element_type=\"widget\" data-e-type=\"widget\" data-widget_type=\"text-editor.default\">\n\t\t\t\t<div class=\"elementor-widget-container\">\n\t\t\t\t\t\t\t\t\t<p><strong><a href=\"https:\/\/kgv-finkenweg.de\/wp-content\/uploads\/2025\/05\/06-Satzung-2023.pdf\" target=\"_blank\" rel=\"noopener\"><span style=\"color: #0000ff;\">Satzung des Vereins<\/span><\/a><\/strong><br \/><a href=\"http:\/\/kgv-finkenweg.de\/wp-content\/uploads\/2023\/05\/07-1-Rahmenkleingartenordnung-LSK-inkl_Anlagen.pdf\" target=\"_blank\" rel=\"noopener\"><strong><span style=\"color: #0000ff;\">Rahmenkleingartenordnung des LSK<\/span><\/strong><\/a><br \/><a href=\"http:\/\/kgv-finkenweg.de\/wp-content\/uploads\/2023\/05\/07-2-Kleingartenordnung-durch-Beschluss-MV-am-18.10.2021.pdf\" target=\"_blank\" rel=\"noopener\"><strong><span style=\"color: #0000ff;\">Rahmenkleingartenordnung des KVL<\/span><\/strong><\/a><br \/><a href=\"https:\/\/kgv-finkenweg.de\/wp-content\/uploads\/2024\/08\/07-3-Gartenordnung.pdf\" target=\"_blank\" rel=\"noopener\"><strong><span style=\"color: #0000ff;\">Gartenordnung unseres Vereins<\/span><\/strong><\/a><br \/><a href=\"http:\/\/kgv-finkenweg.de\/wp-content\/uploads\/2023\/05\/08-1-Bauordnung-KVL-durch-Beschluss-am-18.10.2021.pdf\" target=\"_blank\" rel=\"noopener\"><strong><span style=\"color: #0000ff;\">Bauordnung des KVL<\/span><\/strong><\/a><br \/><a href=\"http:\/\/kgv-finkenweg.de\/wp-content\/uploads\/2023\/05\/10-4-Gartenhaus-Wertermittlungsbogen.pdf\" target=\"_blank\" rel=\"noopener\"><strong><span style=\"color: #0000ff;\">Formular Zusatzversicherung Laube<\/span><\/strong><\/a><\/p>\t\t\t\t\t\t\t\t<\/div>\n\t\t\t\t<\/div>\n\t\t\t\t\t<\/div>\n\t\t<\/div>\n\t\t\t\t\t<\/div>\n\t\t<\/section>\n\t\t\t\t<section class=\"elementor-section elementor-top-section elementor-element elementor-element-b2c0b39 elementor-section-boxed elementor-section-height-default elementor-section-height-default\" data-id=\"b2c0b39\" data-element_type=\"section\" data-e-type=\"section\">\n\t\t\t\t\t\t<div class=\"elementor-container elementor-column-gap-default\">\n\t\t\t\t\t<div class=\"elementor-column elementor-col-100 elementor-top-column elementor-element elementor-element-132c390\" data-id=\"132c390\" data-element_type=\"column\" data-e-type=\"column\">\n\t\t\t<div class=\"elementor-widget-wrap elementor-element-populated\">\n\t\t\t\t\t\t<div class=\"elementor-element elementor-element-f21b390 elementor-widget elementor-widget-image\" data-id=\"f21b390\" data-element_type=\"widget\" data-e-type=\"widget\" data-widget_type=\"image.default\">\n\t\t\t\t<div class=\"elementor-widget-container\">\n\t\t\t\t\t\t\t\t\t\t\t\t\t\t\t<img fetchpriority=\"high\" decoding=\"async\" width=\"724\" height=\"1024\" src=\"https:\/\/kgv-finkenweg.de\/wp-content\/uploads\/2023\/05\/Lageplan-KGV-ohne-namen-724x1024.jpg\" class=\"attachment-large size-large wp-image-532\" alt=\"\" srcset=\"https:\/\/kgv-finkenweg.de\/wp-content\/uploads\/2023\/05\/Lageplan-KGV-ohne-namen-724x1024.jpg 724w, https:\/\/kgv-finkenweg.de\/wp-content\/uploads\/2023\/05\/Lageplan-KGV-ohne-namen-212x300.jpg 212w, https:\/\/kgv-finkenweg.de\/wp-content\/uploads\/2023\/05\/Lageplan-KGV-ohne-namen-768x1086.jpg 768w, https:\/\/kgv-finkenweg.de\/wp-content\/uploads\/2023\/05\/Lageplan-KGV-ohne-namen-1086x1536.jpg 1086w, https:\/\/kgv-finkenweg.de\/wp-content\/uploads\/2023\/05\/Lageplan-KGV-ohne-namen-1448x2048.jpg 1448w, https:\/\/kgv-finkenweg.de\/wp-content\/uploads\/2023\/05\/Lageplan-KGV-ohne-namen-scaled.jpg 1811w\" sizes=\"(max-width: 724px) 100vw, 724px\" \/>\t\t\t\t\t\t\t\t\t\t\t\t\t\t\t<\/div>\n\t\t\t\t<\/div>\n\t\t\t\t\t<\/div>\n\t\t<\/div>\n\t\t\t\t\t<\/div>\n\t\t<\/section>\n\t\t\t\t<\/div>\n\t\t","protected":false},"excerpt":{"rendered":"<p>Anzahl der P\u00e4chter die aktuell bzw. in K\u00fcrze einen Nachfolger f\u00fcr Ihre Parzelle suchen:\u00a0 \u00a0 1 Sie suchen einen reinen Erholungsgarten? Sie m\u00f6chten nur Blumen und Rasen in ihrem Garten? &hellip; <a href=\"https:\/\/kgv-finkenweg.de\/?page_id=172\" class=\"more-link\">Read More<\/a><\/p>\n","protected":false},"author":1,"featured_media":0,"parent":0,"menu_order":0,"comment_status":"closed","ping_status":"closed","template":"","meta":{"_bbp_topic_count":0,"_bbp_reply_count":0,"_bbp_total_topic_count":0,"_bbp_total_reply_count":0,"_bbp_voice_count":0,"_bbp_anonymous_reply_count":0,"_bbp_topic_count_hidden":0,"_bbp_reply_count_hidden":0,"_bbp_forum_subforum_count":0,"_EventAllDay":false,"_EventTimezone":"","_EventStartDate":"","_EventEndDate":"","_EventStartDateUTC":"","_EventEndDateUTC":"","_EventShowMap":false,"_EventShowMapLink":false,"_EventURL":"","_EventCost":"","_EventCostDescription":"","_EventCurrencySymbol":"","_EventCurrencyCode":"","_EventCurrencyPosition":"","_EventDateTimeSeparator":"","_EventTimeRangeSeparator":"","_EventOrganizerID":[],"_EventVenueID":[],"_OrganizerEmail":"","_OrganizerPhone":"","_OrganizerWebsite":"","_VenueAddress":"","_VenueCity":"","_VenueCountry":"","_VenueProvince":"","_VenueState":"","_VenueZip":"","_VenuePhone":"","_VenueURL":"","_VenueStateProvince":"","_VenueLat":"","_VenueLng":"","_VenueShowMap":false,"_VenueShowMapLink":false,"footnotes":""},"class_list":["post-172","page","type-page","status-publish","hentry","entry"],"yoast_head":"<!-- This site is optimized with the Yoast SEO plugin v27.5 - https:\/\/yoast.com\/product\/yoast-seo-wordpress\/ -->\n<title>Freie G\u00e4rten - Kleing\u00e4rtnenverein &quot;Am Finkenweg&quot; e.V.<\/title>\n<meta name=\"robots\" content=\"index, follow, max-snippet:-1, max-image-preview:large, max-video-preview:-1\" \/>\n<link rel=\"canonical\" href=\"https:\/\/kgv-finkenweg.de\/?page_id=172\" \/>\n<meta property=\"og:locale\" content=\"de_DE\" \/>\n<meta property=\"og:type\" content=\"article\" \/>\n<meta property=\"og:title\" content=\"Freie G\u00e4rten - Kleing\u00e4rtnenverein &quot;Am Finkenweg&quot; e.V.\" \/>\n<meta property=\"og:description\" content=\"Anzahl der P\u00e4chter die aktuell bzw. in K\u00fcrze einen Nachfolger f\u00fcr Ihre Parzelle suchen:\u00a0 \u00a0 1 Sie suchen einen reinen Erholungsgarten? Sie m\u00f6chten nur Blumen und Rasen in ihrem Garten? &hellip; Read More\" \/>\n<meta property=\"og:url\" content=\"https:\/\/kgv-finkenweg.de\/?page_id=172\" \/>\n<meta property=\"og:site_name\" content=\"Kleing\u00e4rtnenverein &quot;Am Finkenweg&quot; e.V.\" \/>\n<meta property=\"article:modified_time\" content=\"2025-11-15T12:54:37+00:00\" \/>\n<meta property=\"og:image\" content=\"https:\/\/kgv-finkenweg.de\/wp-content\/uploads\/2023\/05\/Lageplan-KGV-ohne-namen-scaled.jpg\" \/>\n\t<meta property=\"og:image:width\" content=\"1811\" \/>\n\t<meta property=\"og:image:height\" content=\"2560\" \/>\n\t<meta property=\"og:image:type\" content=\"image\/jpeg\" \/>\n<meta name=\"twitter:card\" content=\"summary_large_image\" \/>\n<meta name=\"twitter:label1\" content=\"Gesch\u00e4tzte Lesezeit\" \/>\n\t<meta name=\"twitter:data1\" content=\"3\u00a0Minuten\" \/>\n<script type=\"application\/ld+json\" class=\"yoast-schema-graph\">{\"@context\":\"https:\\\/\\\/schema.org\",\"@graph\":[{\"@type\":\"WebPage\",\"@id\":\"https:\\\/\\\/kgv-finkenweg.de\\\/?page_id=172\",\"url\":\"https:\\\/\\\/kgv-finkenweg.de\\\/?page_id=172\",\"name\":\"Freie G\u00e4rten - Kleing\u00e4rtnenverein &quot;Am Finkenweg&quot; e.V.\",\"isPartOf\":{\"@id\":\"https:\\\/\\\/kgv-finkenweg.de\\\/#website\"},\"primaryImageOfPage\":{\"@id\":\"https:\\\/\\\/kgv-finkenweg.de\\\/?page_id=172#primaryimage\"},\"image\":{\"@id\":\"https:\\\/\\\/kgv-finkenweg.de\\\/?page_id=172#primaryimage\"},\"thumbnailUrl\":\"https:\\\/\\\/kgv-finkenweg.de\\\/wp-content\\\/uploads\\\/2023\\\/05\\\/Lageplan-KGV-ohne-namen-724x1024.jpg\",\"datePublished\":\"2023-05-02T20:06:08+00:00\",\"dateModified\":\"2025-11-15T12:54:37+00:00\",\"breadcrumb\":{\"@id\":\"https:\\\/\\\/kgv-finkenweg.de\\\/?page_id=172#breadcrumb\"},\"inLanguage\":\"de\",\"potentialAction\":[{\"@type\":\"ReadAction\",\"target\":[\"https:\\\/\\\/kgv-finkenweg.de\\\/?page_id=172\"]}]},{\"@type\":\"ImageObject\",\"inLanguage\":\"de\",\"@id\":\"https:\\\/\\\/kgv-finkenweg.de\\\/?page_id=172#primaryimage\",\"url\":\"https:\\\/\\\/kgv-finkenweg.de\\\/wp-content\\\/uploads\\\/2023\\\/05\\\/Lageplan-KGV-ohne-namen-scaled.jpg\",\"contentUrl\":\"https:\\\/\\\/kgv-finkenweg.de\\\/wp-content\\\/uploads\\\/2023\\\/05\\\/Lageplan-KGV-ohne-namen-scaled.jpg\",\"width\":1811,\"height\":2560},{\"@type\":\"BreadcrumbList\",\"@id\":\"https:\\\/\\\/kgv-finkenweg.de\\\/?page_id=172#breadcrumb\",\"itemListElement\":[{\"@type\":\"ListItem\",\"position\":1,\"name\":\"Startseite\",\"item\":\"https:\\\/\\\/kgv-finkenweg.de\\\/\"},{\"@type\":\"ListItem\",\"position\":2,\"name\":\"Freie G\u00e4rten\"}]},{\"@type\":\"WebSite\",\"@id\":\"https:\\\/\\\/kgv-finkenweg.de\\\/#website\",\"url\":\"https:\\\/\\\/kgv-finkenweg.de\\\/\",\"name\":\"Kleing\u00e4rtnenverein &quot;Am Finkenweg&quot; e.V.\",\"description\":\"\",\"publisher\":{\"@id\":\"https:\\\/\\\/kgv-finkenweg.de\\\/#organization\"},\"potentialAction\":[{\"@type\":\"SearchAction\",\"target\":{\"@type\":\"EntryPoint\",\"urlTemplate\":\"https:\\\/\\\/kgv-finkenweg.de\\\/?s={search_term_string}\"},\"query-input\":{\"@type\":\"PropertyValueSpecification\",\"valueRequired\":true,\"valueName\":\"search_term_string\"}}],\"inLanguage\":\"de\"},{\"@type\":\"Organization\",\"@id\":\"https:\\\/\\\/kgv-finkenweg.de\\\/#organization\",\"name\":\"Kleing\u00e4rtnenverein &quot;Am Finkenweg&quot; e.V.\",\"url\":\"https:\\\/\\\/kgv-finkenweg.de\\\/\",\"logo\":{\"@type\":\"ImageObject\",\"inLanguage\":\"de\",\"@id\":\"https:\\\/\\\/kgv-finkenweg.de\\\/#\\\/schema\\\/logo\\\/image\\\/\",\"url\":\"https:\\\/\\\/kgv-finkenweg.de\\\/wp-content\\\/uploads\\\/2023\\\/04\\\/cropped-Logo_o_H_416_420-1.jpg\",\"contentUrl\":\"https:\\\/\\\/kgv-finkenweg.de\\\/wp-content\\\/uploads\\\/2023\\\/04\\\/cropped-Logo_o_H_416_420-1.jpg\",\"width\":416,\"height\":416,\"caption\":\"Kleing\u00e4rtnenverein &quot;Am Finkenweg&quot; e.V.\"},\"image\":{\"@id\":\"https:\\\/\\\/kgv-finkenweg.de\\\/#\\\/schema\\\/logo\\\/image\\\/\"}}]}<\/script>\n<!-- \/ Yoast SEO plugin. -->","yoast_head_json":{"title":"Freie G\u00e4rten - Kleing\u00e4rtnenverein &quot;Am Finkenweg&quot; e.V.","robots":{"index":"index","follow":"follow","max-snippet":"max-snippet:-1","max-image-preview":"max-image-preview:large","max-video-preview":"max-video-preview:-1"},"canonical":"https:\/\/kgv-finkenweg.de\/?page_id=172","og_locale":"de_DE","og_type":"article","og_title":"Freie G\u00e4rten - Kleing\u00e4rtnenverein &quot;Am Finkenweg&quot; e.V.","og_description":"Anzahl der P\u00e4chter die aktuell bzw. in K\u00fcrze einen Nachfolger f\u00fcr Ihre Parzelle suchen:\u00a0 \u00a0 1 Sie suchen einen reinen Erholungsgarten? Sie m\u00f6chten nur Blumen und Rasen in ihrem Garten? &hellip; Read More","og_url":"https:\/\/kgv-finkenweg.de\/?page_id=172","og_site_name":"Kleing\u00e4rtnenverein &quot;Am Finkenweg&quot; e.V.","article_modified_time":"2025-11-15T12:54:37+00:00","og_image":[{"width":1811,"height":2560,"url":"https:\/\/kgv-finkenweg.de\/wp-content\/uploads\/2023\/05\/Lageplan-KGV-ohne-namen-scaled.jpg","type":"image\/jpeg"}],"twitter_card":"summary_large_image","twitter_misc":{"Gesch\u00e4tzte Lesezeit":"3\u00a0Minuten"},"schema":{"@context":"https:\/\/schema.org","@graph":[{"@type":"WebPage","@id":"https:\/\/kgv-finkenweg.de\/?page_id=172","url":"https:\/\/kgv-finkenweg.de\/?page_id=172","name":"Freie G\u00e4rten - Kleing\u00e4rtnenverein &quot;Am Finkenweg&quot; e.V.","isPartOf":{"@id":"https:\/\/kgv-finkenweg.de\/#website"},"primaryImageOfPage":{"@id":"https:\/\/kgv-finkenweg.de\/?page_id=172#primaryimage"},"image":{"@id":"https:\/\/kgv-finkenweg.de\/?page_id=172#primaryimage"},"thumbnailUrl":"https:\/\/kgv-finkenweg.de\/wp-content\/uploads\/2023\/05\/Lageplan-KGV-ohne-namen-724x1024.jpg","datePublished":"2023-05-02T20:06:08+00:00","dateModified":"2025-11-15T12:54:37+00:00","breadcrumb":{"@id":"https:\/\/kgv-finkenweg.de\/?page_id=172#breadcrumb"},"inLanguage":"de","potentialAction":[{"@type":"ReadAction","target":["https:\/\/kgv-finkenweg.de\/?page_id=172"]}]},{"@type":"ImageObject","inLanguage":"de","@id":"https:\/\/kgv-finkenweg.de\/?page_id=172#primaryimage","url":"https:\/\/kgv-finkenweg.de\/wp-content\/uploads\/2023\/05\/Lageplan-KGV-ohne-namen-scaled.jpg","contentUrl":"https:\/\/kgv-finkenweg.de\/wp-content\/uploads\/2023\/05\/Lageplan-KGV-ohne-namen-scaled.jpg","width":1811,"height":2560},{"@type":"BreadcrumbList","@id":"https:\/\/kgv-finkenweg.de\/?page_id=172#breadcrumb","itemListElement":[{"@type":"ListItem","position":1,"name":"Startseite","item":"https:\/\/kgv-finkenweg.de\/"},{"@type":"ListItem","position":2,"name":"Freie G\u00e4rten"}]},{"@type":"WebSite","@id":"https:\/\/kgv-finkenweg.de\/#website","url":"https:\/\/kgv-finkenweg.de\/","name":"Kleing\u00e4rtnenverein &quot;Am Finkenweg&quot; e.V.","description":"","publisher":{"@id":"https:\/\/kgv-finkenweg.de\/#organization"},"potentialAction":[{"@type":"SearchAction","target":{"@type":"EntryPoint","urlTemplate":"https:\/\/kgv-finkenweg.de\/?s={search_term_string}"},"query-input":{"@type":"PropertyValueSpecification","valueRequired":true,"valueName":"search_term_string"}}],"inLanguage":"de"},{"@type":"Organization","@id":"https:\/\/kgv-finkenweg.de\/#organization","name":"Kleing\u00e4rtnenverein &quot;Am Finkenweg&quot; e.V.","url":"https:\/\/kgv-finkenweg.de\/","logo":{"@type":"ImageObject","inLanguage":"de","@id":"https:\/\/kgv-finkenweg.de\/#\/schema\/logo\/image\/","url":"https:\/\/kgv-finkenweg.de\/wp-content\/uploads\/2023\/04\/cropped-Logo_o_H_416_420-1.jpg","contentUrl":"https:\/\/kgv-finkenweg.de\/wp-content\/uploads\/2023\/04\/cropped-Logo_o_H_416_420-1.jpg","width":416,"height":416,"caption":"Kleing\u00e4rtnenverein &quot;Am Finkenweg&quot; e.V."},"image":{"@id":"https:\/\/kgv-finkenweg.de\/#\/schema\/logo\/image\/"}}]}},"_links":{"self":[{"href":"https:\/\/kgv-finkenweg.de\/index.php?rest_route=\/wp\/v2\/pages\/172","targetHints":{"allow":["GET"]}}],"collection":[{"href":"https:\/\/kgv-finkenweg.de\/index.php?rest_route=\/wp\/v2\/pages"}],"about":[{"href":"https:\/\/kgv-finkenweg.de\/index.php?rest_route=\/wp\/v2\/types\/page"}],"author":[{"embeddable":true,"href":"https:\/\/kgv-finkenweg.de\/index.php?rest_route=\/wp\/v2\/users\/1"}],"replies":[{"embeddable":true,"href":"https:\/\/kgv-finkenweg.de\/index.php?rest_route=%2Fwp%2Fv2%2Fcomments&post=172"}],"version-history":[{"count":10,"href":"https:\/\/kgv-finkenweg.de\/index.php?rest_route=\/wp\/v2\/pages\/172\/revisions"}],"predecessor-version":[{"id":1000,"href":"https:\/\/kgv-finkenweg.de\/index.php?rest_route=\/wp\/v2\/pages\/172\/revisions\/1000"}],"wp:attachment":[{"href":"https:\/\/kgv-finkenweg.de\/index.php?rest_route=%2Fwp%2Fv2%2Fmedia&parent=172"}],"curies":[{"name":"wp","href":"https:\/\/api.w.org\/{rel}","templated":true}]}}